{"id":30,"date":"2025-05-27T10:22:50","date_gmt":"2025-05-27T10:22:50","guid":{"rendered":"https:\/\/meldgaard-foto.dk\/?page_id=30"},"modified":"2025-11-10T11:01:55","modified_gmt":"2025-11-10T11:01:55","slug":"blomsterne","status":"publish","type":"page","link":"https:\/\/meldgaard-foto.dk\/index.php\/blomsterne\/","title":{"rendered":"Blomsterne."},"content":{"rendered":"\n<p class=\"has-medium-font-size\">N\u00e5r for\u00e5ret starter op og blade og blomsterknopper folder sig ud. Det er en sk\u00f8n fototid p\u00e5 \u00e5ret. Herunder en syrenknop. Se, den kan alts\u00e5 noget.<\/p>\n\n\n\n<figure class=\"wp-block-image aligncenter size-full\"><img loading=\"lazy\" decoding=\"async\" width=\"1200\" height=\"722\" src=\"https:\/\/meldgaard-foto.dk\/wp-content\/uploads\/2025\/05\/foraar4.jpg\" alt=\"\" class=\"wp-image-106\" style=\"box-shadow:var(--wp--preset--shadow--natural)\" srcset=\"https:\/\/meldgaard-foto.dk\/wp-content\/uploads\/2025\/05\/foraar4.jpg 1200w, https:\/\/meldgaard-foto.dk\/wp-content\/uploads\/2025\/05\/foraar4-300x181.jpg 300w, https:\/\/meldgaard-foto.dk\/wp-content\/uploads\/2025\/05\/foraar4-1024x616.jpg 1024w\" sizes=\"auto, (max-width: 1200px) 100vw, 1200px\" \/><\/figure>\n\n\n\n<p><\/p>\n\n\n\n<figure class=\"wp-block-image size-full\"><img loading=\"lazy\" decoding=\"async\" width=\"1828\" height=\"1165\" src=\"https:\/\/meldgaard-foto.dk\/wp-content\/uploads\/2025\/11\/kirsebaer1.jpg\" alt=\"\" class=\"wp-image-400\" style=\"box-shadow:var(--wp--preset--shadow--natural)\" srcset=\"https:\/\/meldgaard-foto.dk\/wp-content\/uploads\/2025\/11\/kirsebaer1.jpg 1828w, https:\/\/meldgaard-foto.dk\/wp-content\/uploads\/2025\/11\/kirsebaer1-300x191.jpg 300w, https:\/\/meldgaard-foto.dk\/wp-content\/uploads\/2025\/11\/kirsebaer1-1024x653.jpg 1024w\" sizes=\"auto, (max-width: 1828px) 100vw, 1828px\" \/><\/figure>\n\n\n\n<p class=\"has-medium-font-size\">N\u00e5r de japanske kirseb\u00e6rtr\u00e6er blomstre, forvandles tr\u00e6erne til et inferno af lyser\u00f8dt. De er utrolig smukke, men holder desv\u00e6rre ikke l\u00e6nge. Men vi nyder dem s\u00e5 l\u00e6nge de er her. Fotomapperne er fulde af dem. <\/p>\n\n\n\nngg_shortcode_0_placeholder\n\n\n\n<p><\/p>\n\n\n\n<figure class=\"wp-block-image aligncenter size-full has-custom-border\"><img loading=\"lazy\" decoding=\"async\" width=\"1500\" height=\"900\" src=\"https:\/\/meldgaard-foto.dk\/wp-content\/uploads\/2025\/05\/svampe1.jpg\" alt=\"\" class=\"has-border-color wp-image-98\" style=\"border-color:#101010;border-width:1px;box-shadow:var(--wp--preset--shadow--natural)\" srcset=\"https:\/\/meldgaard-foto.dk\/wp-content\/uploads\/2025\/05\/svampe1.jpg 1500w, https:\/\/meldgaard-foto.dk\/wp-content\/uploads\/2025\/05\/svampe1-300x180.jpg 300w, https:\/\/meldgaard-foto.dk\/wp-content\/uploads\/2025\/05\/svampe1-1024x614.jpg 1024w\" sizes=\"auto, (max-width: 1500px) 100vw, 1500px\" \/><\/figure>\n\n\n\n<p class=\"has-medium-font-size\">Svampe kan ogs\u00e5 v\u00e6re utrolig dekorative.<\/p>\n\n\n\nngg_shortcode_1_placeholder\n\n\n\n<figure class=\"wp-block-image aligncenter size-full has-custom-border\"><img loading=\"lazy\" decoding=\"async\" width=\"1502\" height=\"846\" src=\"https:\/\/meldgaard-foto.dk\/wp-content\/uploads\/2025\/05\/paeoner11.jpg\" alt=\"\" class=\"has-border-color wp-image-118\" style=\"border-color:#101010;border-width:1px;border-radius:1px;box-shadow:var(--wp--preset--shadow--natural)\" srcset=\"https:\/\/meldgaard-foto.dk\/wp-content\/uploads\/2025\/05\/paeoner11.jpg 1502w, https:\/\/meldgaard-foto.dk\/wp-content\/uploads\/2025\/05\/paeoner11-300x169.jpg 300w, https:\/\/meldgaard-foto.dk\/wp-content\/uploads\/2025\/05\/paeoner11-1024x577.jpg 1024w\" sizes=\"auto, (max-width: 1502px) 100vw, 1502px\" \/><\/figure>\n\n\n\n<p><\/p>\n\n\n\n<p class=\"has-medium-font-size\">P\u00e6onerne nyder livet i drivhuset. P\u00e5 terrassen holder de ikke l\u00e6nge men kn\u00e6kker. Her st\u00e5r de og hygger sig uden at skulle bekymre sig om vind og vejr.<\/p>\n\n\n\nngg_shortcode_2_placeholder\n\n\n\n<p class=\"has-medium-font-size\">Fik gravet alle l\u00f8g op, troede jeg. Men s\u00e5 dukkede der lige et par n\u00f8genjomfruer op i gr\u00e6sset. Og svirrefluen var bestilt til lige at komme forbi.<\/p>\n\n\n\n<figure class=\"wp-block-image aligncenter size-full has-custom-border\"><img loading=\"lazy\" decoding=\"async\" width=\"1300\" height=\"768\" src=\"https:\/\/meldgaard-foto.dk\/wp-content\/uploads\/2025\/05\/header-foto.jpg\" alt=\"\" class=\"has-border-color wp-image-111\" style=\"border-color:#101010;border-width:1px;border-radius:1px;box-shadow:var(--wp--preset--shadow--natural)\" srcset=\"https:\/\/meldgaard-foto.dk\/wp-content\/uploads\/2025\/05\/header-foto.jpg 1300w, https:\/\/meldgaard-foto.dk\/wp-content\/uploads\/2025\/05\/header-foto-300x177.jpg 300w, https:\/\/meldgaard-foto.dk\/wp-content\/uploads\/2025\/05\/header-foto-1024x605.jpg 1024w\" sizes=\"auto, (max-width: 1300px) 100vw, 1300px\" \/><\/figure>\n\n\n\n<p><\/p>\n\n\n\n<p><\/p>\n\n\n\n<div class=\"wp-block-columns is-layout-flex wp-container-core-columns-is-layout-28f84493 wp-block-columns-is-layout-flex\">\n<div class=\"wp-block-column is-layout-flow wp-block-column-is-layout-flow\">\n<figure class=\"wp-block-image size-full has-custom-border\"><img loading=\"lazy\" decoding=\"async\" width=\"602\" height=\"808\" src=\"https:\/\/meldgaard-foto.dk\/wp-content\/uploads\/2025\/05\/konfetti-1.jpg\" alt=\"\" class=\"has-border-color has-primary-border-color wp-image-115\" style=\"border-width:1px;border-radius:1px;box-shadow:var(--wp--preset--shadow--natural)\" srcset=\"https:\/\/meldgaard-foto.dk\/wp-content\/uploads\/2025\/05\/konfetti-1.jpg 602w, https:\/\/meldgaard-foto.dk\/wp-content\/uploads\/2025\/05\/konfetti-1-224x300.jpg 224w\" sizes=\"auto, (max-width: 602px) 100vw, 602px\" \/><\/figure>\n<\/div>\n\n\n\n<div class=\"wp-block-column is-layout-flow wp-block-column-is-layout-flow\">\n<p class=\"has-medium-font-size\">N\u00e5r man sidder og redigere de billeder man har taget p\u00e5 turen, kan man ofte se noget man ikke lige fanger med det blotte \u00f8je&#8230;.her er st\u00f8vfanget p\u00e5 blomsten bl\u00e5 og r\u00f8d. <br>Eller blomsten er s\u00e5 lille at man ikke ser de flotte detaljer den har, f\u00f8r den bliver forst\u00f8rret lidt op.<br><\/p>\n<\/div>\n<\/div>\n\n\n\n<figure class=\"wp-block-image aligncenter size-full has-custom-border\" id=\"kabrifoliealbum\"><img loading=\"lazy\" decoding=\"async\" width=\"2000\" height=\"1333\" src=\"https:\/\/meldgaard-foto.dk\/wp-content\/uploads\/2025\/07\/kabrifolie1.jpg\" alt=\"\" class=\"has-border-color wp-image-239\" style=\"border-color:#101010;border-width:1px;border-radius:1px;box-shadow:var(--wp--preset--shadow--natural)\" srcset=\"https:\/\/meldgaard-foto.dk\/wp-content\/uploads\/2025\/07\/kabrifolie1.jpg 2000w, https:\/\/meldgaard-foto.dk\/wp-content\/uploads\/2025\/07\/kabrifolie1-300x200.jpg 300w, https:\/\/meldgaard-foto.dk\/wp-content\/uploads\/2025\/07\/kabrifolie1-1024x682.jpg 1024w\" sizes=\"auto, (max-width: 2000px) 100vw, 2000px\" \/><\/figure>\n\n\n\n<p class=\"has-medium-font-size\">Kabrifolier. S\u00e5 smukke. Utrolig mange variationer. De fleste velduftene i ekstrem grad. Er vild med dem. <\/p>\n\n\n\n<h2 class=\"wp-block-heading\" id=\"kabrifolier\"><\/h2>\n\n\n\nngg_shortcode_3_placeholder\n\n\n\n<h2 class=\"wp-block-heading\" id=\"\u00e6bleblomster\"><\/h2>\n\n\n\n<figure class=\"wp-block-image size-full has-custom-border\"><img loading=\"lazy\" decoding=\"async\" width=\"2560\" height=\"1707\" src=\"https:\/\/meldgaard-foto.dk\/wp-content\/uploads\/2025\/07\/DSC03001-1-scaled.jpg\" alt=\"\" class=\"wp-image-279\" style=\"border-width:1px;border-radius:1px;box-shadow:var(--wp--preset--shadow--natural)\" srcset=\"https:\/\/meldgaard-foto.dk\/wp-content\/uploads\/2025\/07\/DSC03001-1-scaled.jpg 2560w, https:\/\/meldgaard-foto.dk\/wp-content\/uploads\/2025\/07\/DSC03001-1-300x200.jpg 300w, https:\/\/meldgaard-foto.dk\/wp-content\/uploads\/2025\/07\/DSC03001-1-1024x683.jpg 1024w, https:\/\/meldgaard-foto.dk\/wp-content\/uploads\/2025\/07\/DSC03001-1-2000x1333.jpg 2000w\" sizes=\"auto, (max-width: 2560px) 100vw, 2560px\" \/><\/figure>\n\n\n\n<p><\/p>\n\n\n\nngg_shortcode_4_placeholder\n\n\n\n<p class=\"has-medium-font-size\">Og nu vi er ved \u00e6blerne. Har et gammelt Ingrid Marie tr\u00e6 som blev f\u00e6ldet da der gik sygdom i det. Stubben som ventede p\u00e5 at blive trukket op var temmelig h\u00f8j og da der ikke rigtig skete noget med at f\u00e5 stubben fjernet, begyndte den at skyde lystigt. Og i l\u00f8bet af et par \u00e5r, havde jeg igen et Ingrid Marie tr\u00e6, som viste de smukkeste blomster og gav de sk\u00f8nneste r\u00f8de \u00e6bler. Jeg h\u00e5ber den holder mange \u00e5r endnu.<\/p>\n\n\n\nngg_shortcode_5_placeholder\n\n\n\n<figure class=\"wp-block-gallery aligncenter has-nested-images columns-default is-cropped wp-block-gallery-1 is-layout-flex wp-block-gallery-is-layout-flex\">\n<figure class=\"wp-block-image size-full\"><img loading=\"lazy\" decoding=\"async\" width=\"2002\" height=\"1192\" data-id=\"381\" src=\"https:\/\/meldgaard-foto.dk\/wp-content\/uploads\/2025\/11\/rebis.jpg\" alt=\"\" class=\"wp-image-381\" style=\"box-shadow:var(--wp--preset--shadow--natural)\" srcset=\"https:\/\/meldgaard-foto.dk\/wp-content\/uploads\/2025\/11\/rebis.jpg 2002w, https:\/\/meldgaard-foto.dk\/wp-content\/uploads\/2025\/11\/rebis-300x179.jpg 300w, https:\/\/meldgaard-foto.dk\/wp-content\/uploads\/2025\/11\/rebis-1024x610.jpg 1024w, https:\/\/meldgaard-foto.dk\/wp-content\/uploads\/2025\/11\/rebis-2000x1191.jpg 2000w\" sizes=\"auto, (max-width: 2002px) 100vw, 2002px\" \/><\/figure>\n<\/figure>\n\n\n\n<p class=\"has-medium-font-size\">N\u00e5r den gamle rebis springer ud, summer den af liv. Det er sv\u00e6rt at fange de sm\u00e5 h\u00e5rdtarbejdende bier med kameraet. Det er som om de smutter n\u00e5r de f\u00e5r \u00f8je p\u00e5 en. <\/p>\n\n\n\n<figure class=\"wp-block-image aligncenter size-full\"><img loading=\"lazy\" decoding=\"async\" width=\"1600\" height=\"1067\" src=\"https:\/\/meldgaard-foto.dk\/wp-content\/uploads\/2025\/11\/buket3.jpg\" alt=\"\" class=\"wp-image-387\" srcset=\"https:\/\/meldgaard-foto.dk\/wp-content\/uploads\/2025\/11\/buket3.jpg 1600w, https:\/\/meldgaard-foto.dk\/wp-content\/uploads\/2025\/11\/buket3-300x200.jpg 300w, https:\/\/meldgaard-foto.dk\/wp-content\/uploads\/2025\/11\/buket3-1024x683.jpg 1024w\" sizes=\"auto, (max-width: 1600px) 100vw, 1600px\" \/><\/figure>\n\n\n\n<p class=\"has-medium-font-size\">Brudebuketter er bare helt fantastiske. Og bryllupsbilleder, jo, hvis fotografen har styr p\u00e5 tingene&#8230;.<br>Jeg blev bedt om at fotografere et bryllup for en kollega. Og det ville jeg da gerne for, hvor sv\u00e6rt kunne det v\u00e6re. Det skulle vise sig at blive en udfordring af de store. Kamera og div. var pakket dagen f\u00f8r og s\u00e5 det var bare afsted n\u00e6ste dag. <br>Jeg ankommer i god tid og vil lige teste det hele. Ingen fokus. Skifter objektiv. Ingen fokus. T\u00e6nder og slukker. Trykker p\u00e5 alt der burde kunne hj\u00e6lpe. Ingen fokus. <br>Brudeparret ringer og meddeler at, der er p\u00e5 vej.  Panikken breder sig. Og kort fortalt blev det ikke de fantastiske billeder jeg havde forestillet mig  jeg skulle tage. Jeg k\u00f8bte derefter et back up kamera. Det var en forf\u00e6rdelig situation. Den vil jeg ikke st\u00e5 i igen.<\/p>\n\n\n\n<figure class=\"wp-block-image size-full\"><img loading=\"lazy\" decoding=\"async\" width=\"2002\" height=\"1335\" src=\"https:\/\/meldgaard-foto.dk\/wp-content\/uploads\/2025\/11\/krokus.jpg\" alt=\"\" class=\"wp-image-390\" style=\"box-shadow:var(--wp--preset--shadow--natural)\" srcset=\"https:\/\/meldgaard-foto.dk\/wp-content\/uploads\/2025\/11\/krokus.jpg 2002w, https:\/\/meldgaard-foto.dk\/wp-content\/uploads\/2025\/11\/krokus-300x200.jpg 300w, https:\/\/meldgaard-foto.dk\/wp-content\/uploads\/2025\/11\/krokus-1024x683.jpg 1024w, https:\/\/meldgaard-foto.dk\/wp-content\/uploads\/2025\/11\/krokus-2000x1334.jpg 2000w\" sizes=\"auto, (max-width: 2002px) 100vw, 2002px\" \/><\/figure>\n\n\n\n<p class=\"has-medium-font-size\">Et billede fra 2018. For\u00e5ret er p\u00e5 vej.<\/p>\n\n\n\n<figure class=\"wp-block-image size-full\"><img loading=\"lazy\" decoding=\"async\" width=\"2002\" height=\"1335\" src=\"https:\/\/meldgaard-foto.dk\/wp-content\/uploads\/2025\/11\/syrener.jpg\" alt=\"\" class=\"wp-image-393\" style=\"box-shadow:var(--wp--preset--shadow--natural)\" srcset=\"https:\/\/meldgaard-foto.dk\/wp-content\/uploads\/2025\/11\/syrener.jpg 2002w, https:\/\/meldgaard-foto.dk\/wp-content\/uploads\/2025\/11\/syrener-300x200.jpg 300w, https:\/\/meldgaard-foto.dk\/wp-content\/uploads\/2025\/11\/syrener-1024x683.jpg 1024w, https:\/\/meldgaard-foto.dk\/wp-content\/uploads\/2025\/11\/syrener-2000x1334.jpg 2000w\" sizes=\"auto, (max-width: 2002px) 100vw, 2002px\" \/><\/figure>\n\n\n\n<p class=\"has-medium-font-size\">Syrener. Kan n\u00e6sten dufte dem n\u00e5r jeg ser p\u00e5 billedet. <\/p>\n\n\n\n<figure class=\"wp-block-image size-full\"><img loading=\"lazy\" decoding=\"async\" width=\"2000\" height=\"1333\" src=\"https:\/\/meldgaard-foto.dk\/wp-content\/uploads\/2025\/11\/maelkeboette.jpg\" alt=\"\" class=\"wp-image-397\" style=\"box-shadow:var(--wp--preset--shadow--natural)\" srcset=\"https:\/\/meldgaard-foto.dk\/wp-content\/uploads\/2025\/11\/maelkeboette.jpg 2000w, https:\/\/meldgaard-foto.dk\/wp-content\/uploads\/2025\/11\/maelkeboette-300x200.jpg 300w, https:\/\/meldgaard-foto.dk\/wp-content\/uploads\/2025\/11\/maelkeboette-1024x682.jpg 1024w\" sizes=\"auto, (max-width: 2000px) 100vw, 2000px\" \/><\/figure>\n\n\n\n<p class=\"has-medium-font-size\">En m\u00e6lkeb\u00f8tte fra 2023.<\/p>\n","protected":false},"excerpt":{"rendered":"<p>N\u00e5r for\u00e5ret starter op og blade og blomsterknopper folder sig ud. Det er en sk\u00f8n fototid p\u00e5 \u00e5ret. Herunder en syrenknop. Se, den kan alts\u00e5 noget. N\u00e5r de japanske kirseb\u00e6rtr\u00e6er blomstre, forvandles tr\u00e6erne til et inferno af lyser\u00f8dt. De er utrolig smukke, men holder desv\u00e6rre ikke l\u00e6nge. Men vi nyder dem s\u00e5 l\u00e6nge de er &hellip; <\/p>\n<p class=\"link-more\"><a href=\"https:\/\/meldgaard-foto.dk\/index.php\/blomsterne\/\" class=\"more-link\">L\u00e6s mere<span class=\"screen-reader-text\"> \u201cBlomsterne.\u201d<\/span><\/a><\/p>\n","protected":false},"author":1,"featured_media":0,"parent":0,"menu_order":0,"comment_status":"closed","ping_status":"closed","template":"","meta":{"ngg_post_thumbnail":0,"footnotes":""},"class_list":["post-30","page","type-page","status-publish","hentry"],"_links":{"self":[{"href":"https:\/\/meldgaard-foto.dk\/index.php\/wp-json\/wp\/v2\/pages\/30","targetHints":{"allow":["GET"]}}],"collection":[{"href":"https:\/\/meldgaard-foto.dk\/index.php\/wp-json\/wp\/v2\/pages"}],"about":[{"href":"https:\/\/meldgaard-foto.dk\/index.php\/wp-json\/wp\/v2\/types\/page"}],"author":[{"embeddable":true,"href":"https:\/\/meldgaard-foto.dk\/index.php\/wp-json\/wp\/v2\/users\/1"}],"replies":[{"embeddable":true,"href":"https:\/\/meldgaard-foto.dk\/index.php\/wp-json\/wp\/v2\/comments?post=30"}],"version-history":[{"count":68,"href":"https:\/\/meldgaard-foto.dk\/index.php\/wp-json\/wp\/v2\/pages\/30\/revisions"}],"predecessor-version":[{"id":403,"href":"https:\/\/meldgaard-foto.dk\/index.php\/wp-json\/wp\/v2\/pages\/30\/revisions\/403"}],"wp:attachment":[{"href":"https:\/\/meldgaard-foto.dk\/index.php\/wp-json\/wp\/v2\/media?parent=30"}],"curies":[{"name":"wp","href":"https:\/\/api.w.org\/{rel}","templated":true}]}}