{"id":14,"date":"2025-05-27T09:00:18","date_gmt":"2025-05-27T09:00:18","guid":{"rendered":"https:\/\/meldgaard-foto.dk\/?page_id=14"},"modified":"2025-12-26T15:39:43","modified_gmt":"2025-12-26T15:39:43","slug":"min-fotoblog","status":"publish","type":"page","link":"https:\/\/meldgaard-foto.dk\/","title":{"rendered":"Min fotoblog"},"content":{"rendered":"\n<div class=\"wp-block-columns is-layout-flex wp-container-core-columns-is-layout-28f84493 wp-block-columns-is-layout-flex\">\n<div class=\"wp-block-column is-layout-flow wp-block-column-is-layout-flow\">\n<div class=\"wp-block-columns is-layout-flex wp-container-core-columns-is-layout-28f84493 wp-block-columns-is-layout-flex\">\n<div class=\"wp-block-column is-layout-flow wp-block-column-is-layout-flow\">\n<div class=\"wp-block-columns is-layout-flex wp-container-core-columns-is-layout-28f84493 wp-block-columns-is-layout-flex\">\n<div class=\"wp-block-column is-layout-flow wp-block-column-is-layout-flow\">\n<div class=\"wp-block-columns is-layout-flex wp-container-core-columns-is-layout-28f84493 wp-block-columns-is-layout-flex\">\n<div class=\"wp-block-column is-layout-flow wp-block-column-is-layout-flow\">\n<p><\/p>\n<\/div>\n<\/div>\n<\/div>\n<\/div>\n<\/div>\n<\/div>\n<\/div>\n<\/div>\n\n\n\n<p class=\"has-white-background-color has-background has-medium-font-size\">Velkommen til min fotoblog. <br><br>Her vil du kunne finde en del af de billeder jeg har taget igennem de sidste 8 \u00e5r. <br><br>Blomster. Jeg blev lidt overrasket over, hvor mange blomsterbilleder jeg i grunden havde taget. Men mulighederne er jo ogs\u00e5 mange her. I skoven, p\u00e5 marken, ved b\u00e6kken, buske og tr\u00e6er og ikke at forglemme. De mange sk\u00f8nne haver og parker. Det er sv\u00e6rt ikke at f\u00e5 nogle gode billeder med hjem.<br><br>Dyr. Heste, hunde og katte. Staldd\u00f8rs billeder af heste er en af mine favoritter. St\u00e6vnebilleder. Eller fri leg p\u00e5 fold. Hunde i naturen. Fri leg p\u00e5 marken eller p\u00e6nt opstillet. Katte og killinger. Killinger er jo bed\u00e5rende og sv\u00e6re at fange n\u00e5r f\u00f8rst de tager pigskoene p\u00e5 og giver den gas op af v\u00e6ggen og rundt i sofaen.<br><br>Landskabsbilleder, billeder af forskellige arrangementer. S\u00e5som western, isl\u00e6ndere p\u00e5 ovalbane, gymnastikopvisning, traktortr\u00e6k&#8230;&#8230;&#8230;.<br><br>Portr\u00e6tbilleder. Dem er der ikke mange af . Men m\u00e5ske kommer der flere&#8230;<br><br>Mit kamera. Et SONY 7m4 som jeg er utrolig glad for. Og med et par objektiver som passer til lidt af hvert, er jeg godt d\u00e6kket ind.<br><br>Her p\u00e5 siden vil jeg skrive lidt om, hvad der sker p\u00e5 fotofronten.<br><br>Kan jo starte med at fort\u00e6lle at, man skal huske at rette oplysningerne p\u00e5 sit webhotel n\u00e5r man f\u00e5r et nyt betalingskort. <br>Ellers kan man som jeg, pludselig se at hele hjemmesiden er v\u00e6k. Men s\u00e5 er tavlen ligesom vasket ren og man starter p\u00e5 en frisk.<br><br><br><br>S\u00e5 velkommen til en ny udgave af min fotoblog.<br><br><\/p>\n\n\n\n<figure class=\"wp-block-image aligncenter size-full\"><img loading=\"lazy\" decoding=\"async\" width=\"2002\" height=\"1257\" src=\"https:\/\/meldgaard-foto.dk\/wp-content\/uploads\/2025\/12\/draaber.jpg\" alt=\"\" class=\"wp-image-425\" style=\"box-shadow:var(--wp--preset--shadow--natural)\" srcset=\"https:\/\/meldgaard-foto.dk\/wp-content\/uploads\/2025\/12\/draaber.jpg 2002w, https:\/\/meldgaard-foto.dk\/wp-content\/uploads\/2025\/12\/draaber-300x188.jpg 300w, https:\/\/meldgaard-foto.dk\/wp-content\/uploads\/2025\/12\/draaber-1024x643.jpg 1024w, https:\/\/meldgaard-foto.dk\/wp-content\/uploads\/2025\/12\/draaber-2000x1256.jpg 2000w\" sizes=\"auto, (max-width: 2002px) 100vw, 2002px\" \/><\/figure>\n\n\n\n<p class=\"has-medium-font-size\">Og selvom det regner, kan man godt finde motiver. <\/p>\n","protected":false},"excerpt":{"rendered":"<p>Velkommen til min fotoblog. Her vil du kunne finde en del af de billeder jeg har taget igennem de sidste 8 \u00e5r. Blomster. Jeg blev lidt overrasket over, hvor mange blomsterbilleder jeg i grunden havde taget. Men mulighederne er jo ogs\u00e5 mange her. I skoven, p\u00e5 marken, ved b\u00e6kken, buske og tr\u00e6er og ikke at &hellip; <\/p>\n<p class=\"link-more\"><a href=\"https:\/\/meldgaard-foto.dk\/\" class=\"more-link\">L\u00e6s mere<span class=\"screen-reader-text\"> \u201cMin fotoblog\u201d<\/span><\/a><\/p>\n","protected":false},"author":1,"featured_media":0,"parent":0,"menu_order":0,"comment_status":"closed","ping_status":"closed","template":"","meta":{"ngg_post_thumbnail":0,"footnotes":""},"class_list":["post-14","page","type-page","status-publish","hentry"],"_links":{"self":[{"href":"https:\/\/meldgaard-foto.dk\/index.php\/wp-json\/wp\/v2\/pages\/14","targetHints":{"allow":["GET"]}}],"collection":[{"href":"https:\/\/meldgaard-foto.dk\/index.php\/wp-json\/wp\/v2\/pages"}],"about":[{"href":"https:\/\/meldgaard-foto.dk\/index.php\/wp-json\/wp\/v2\/types\/page"}],"author":[{"embeddable":true,"href":"https:\/\/meldgaard-foto.dk\/index.php\/wp-json\/wp\/v2\/users\/1"}],"replies":[{"embeddable":true,"href":"https:\/\/meldgaard-foto.dk\/index.php\/wp-json\/wp\/v2\/comments?post=14"}],"version-history":[{"count":31,"href":"https:\/\/meldgaard-foto.dk\/index.php\/wp-json\/wp\/v2\/pages\/14\/revisions"}],"predecessor-version":[{"id":430,"href":"https:\/\/meldgaard-foto.dk\/index.php\/wp-json\/wp\/v2\/pages\/14\/revisions\/430"}],"wp:attachment":[{"href":"https:\/\/meldgaard-foto.dk\/index.php\/wp-json\/wp\/v2\/media?parent=14"}],"curies":[{"name":"wp","href":"https:\/\/api.w.org\/{rel}","templated":true}]}}